{"id":50,"date":"2015-10-06T12:46:34","date_gmt":"2015-10-06T12:46:34","guid":{"rendered":"http:\/\/dando.pl\/?page_id=50"},"modified":"2021-09-23T18:13:32","modified_gmt":"2021-09-23T18:13:32","slug":"strona-glowna","status":"publish","type":"page","link":"https:\/\/dando.pl\/","title":{"rendered":"O nas"},"content":{"rendered":"\n<p>Wieloletnie do\u015bwiadczenie&nbsp;w bran\u017cy biurowej zaowocowa\u0142o bogat\u0105 ofert\u0105 i liczn\u0105 grup\u0105 zadowolonych klient\u00f3w.&nbsp;Zapewniamy kompleksowe wyposa\u017cenie ka\u017cdego biura.&nbsp;<strong>W celu z\u0142o\u017cenia zam\u00f3wienia zapraszamy poprzez kontakt telefoniczny lub sklep internetowy.<\/strong> Oferowane przez nas&nbsp;produkty dostarczamy od 3 do 24 godzin&nbsp;w\u0142asnym transportem w promieniu do 100 km lub kurierem.<\/p>\n\n\n\n<p>Oferujemy:<\/p>\n\n\n\n<ul><li><strong><a href=\"https:\/\/sklep.dando.pl\">ARTYKU\u0141Y BIUROWE<\/a> wysokiej jako\u015bci, wyselekcjonowanych producent\u00f3w<\/strong><\/li><li><strong><a href=\"https:\/\/sklep.dando.pl\/produkty\/materialy-eksploatacyjne.html\">MATERIA\u0141Y EKSPLOATACYJNE<\/a> oryginalne i zamienniki z gwarancj\u0105 <\/strong><br><strong>(do wszelkich dost\u0119pnych urz\u0105dze\u0144 drukuj\u0105cych)<\/strong><\/li><li><strong><a href=\"https:\/\/sklep.dando.pl\/produkty\/maszyny-biurowe.html\">URZ\u0104DZENIA<\/a> drukuj\u0105co-kopiuj\u0105ce kluczowych producent\u00f3w<\/strong><\/li><li><strong>SERWIS urz\u0105dze\u0144 biurowych, drukuj\u0105cych i liczarek<\/strong><\/li><li><strong>Oferujemy r\u00f3wnie\u017c: sprz\u0105tanie hal, market\u00f3w i powierzchni handlowych; mycie okien i witryn; sprz\u0105tanie domu; czyszczenie wyk\u0142adzin i tapicerek<\/strong><\/li><\/ul>\n\n\n\n<p>Zapraszamy do wsp\u00f3\u0142pracy.<\/p>\n","protected":false},"excerpt":{"rendered":"<p>Wieloletnie do\u015bwiadczenie&nbsp;w bran\u017cy biurowej zaowocowa\u0142o bogat\u0105 ofert\u0105 i liczn\u0105 grup\u0105 zadowolonych klient\u00f3w.&nbsp;Zapewniamy kompleksowe wyposa\u017cenie ka\u017cdego biura.&nbsp;W celu z\u0142o\u017cenia zam\u00f3wienia zapraszamy poprzez kontakt telefoniczny lub sklep internetowy. Oferowane przez nas&nbsp;produkty dostarczamy od 3 do 24 godzin&nbsp;w\u0142asnym transportem w promieniu do 100 km lub kurierem. Oferujemy: ARTYKU\u0141Y BIUROWE wysokiej jako\u015bci, wyselekcjonowanych producent\u00f3w MATERIA\u0141Y EKSPLOATACYJNE oryginalne i zamienniki [&hellip;]<\/p>\n","protected":false},"author":1,"featured_media":0,"parent":0,"menu_order":1,"comment_status":"closed","ping_status":"closed","template":"","meta":[],"_links":{"self":[{"href":"https:\/\/dando.pl\/index.php?rest_route=\/wp\/v2\/pages\/50"}],"collection":[{"href":"https:\/\/dando.pl\/index.php?rest_route=\/wp\/v2\/pages"}],"about":[{"href":"https:\/\/dando.pl\/index.php?rest_route=\/wp\/v2\/types\/page"}],"author":[{"embeddable":true,"href":"https:\/\/dando.pl\/index.php?rest_route=\/wp\/v2\/users\/1"}],"replies":[{"embeddable":true,"href":"https:\/\/dando.pl\/index.php?rest_route=%2Fwp%2Fv2%2Fcomments&post=50"}],"version-history":[{"count":42,"href":"https:\/\/dando.pl\/index.php?rest_route=\/wp\/v2\/pages\/50\/revisions"}],"predecessor-version":[{"id":717,"href":"https:\/\/dando.pl\/index.php?rest_route=\/wp\/v2\/pages\/50\/revisions\/717"}],"wp:attachment":[{"href":"https:\/\/dando.pl\/index.php?rest_route=%2Fwp%2Fv2%2Fmedia&parent=50"}],"curies":[{"name":"wp","href":"https:\/\/api.w.org\/{rel}","templated":true}]}}